{"id":2,"date":"2025-12-15T16:15:40","date_gmt":"2025-12-15T09:15:40","guid":{"rendered":"https:\/\/www.demo.vietnamweb.asia\/?page_id=2"},"modified":"2025-12-15T16:15:35","modified_gmt":"2025-12-15T09:15:35","slug":"trang-chu","status":"publish","type":"page","link":"https:\/\/jun88aa1.org\/","title":{"rendered":"Jun88aa1 &#8211; Vui \u0110\u00f3n Gi\u00e1ng Sinh Rinh Ngay Qu\u00e0 Kh\u1ee7ng Ho\u00e0n Tr\u1ea3 20%"},"content":{"rendered":"<h2><span style=\"font-size: 110%; color: #f99b1c;\"><strong>TRANG CH\u1ee6 \u0110\u0102NG NH\u1eacP NH\u00c0 C\u00c1I JUN88<\/strong><\/span><\/h2>\n<p>Link trang t\u1ed5ng v\u00e0o Jun88aa1 ch\u00ednh th\u1ee9c c\u1eadp nh\u1eadt ng\u00e0y h\u00f4m nay m\u1edbi nh\u1ea5t:<\/p>\n<div class=\"row row-small\"  id=\"row-347191057\">\n\n\t<div id=\"col-207156290\" class=\"col medium-4 small-12 large-4\"  >\n\t\t\t\t<div class=\"col-inner\"  >\n\t\t\t\n\t\t\t\n\t<div class=\"img has-hover x md-x lg-x y md-y lg-y\" id=\"image_1468449303\">\n\t\t<a class=\"\" href=\"https:\/\/te8qc2.pro\/24z7\" >\t\t\t\t\t\t<div class=\"img-inner dark\" >\n\t\t\t<img loading=\"lazy\" decoding=\"async\" width=\"400\" height=\"188\" src=\"https:\/\/jun88aa1.org\/wp-content\/uploads\/2025\/03\/dang-ky.webp\" class=\"attachment-original size-original\" alt=\"\u0110\u0103ng k\u00fd nh\u00e0 c\u00e1i\" srcset=\"https:\/\/jun88aa1.org\/wp-content\/uploads\/2025\/03\/dang-ky.webp 400w, https:\/\/jun88aa1.org\/wp-content\/uploads\/2025\/03\/dang-ky-300x141.webp 300w\" sizes=\"auto, (max-width: 400px) 100vw, 400px\" \/>\t\t\t\t\t\t\n\t\t\t\t\t<\/div>\n\t\t\t\t\t\t<\/a>\t\t\n<style>\n#image_1468449303 {\n  width: 100%;\n}\n<\/style>\n\t<\/div>\n\t\n\t\t<\/div>\n\t\t\t\t\t<\/div>\n\n\t\n\n\t<div id=\"col-481104263\" class=\"col medium-4 small-12 large-4\"  >\n\t\t\t\t<div class=\"col-inner\"  >\n\t\t\t\n\t\t\t\n\t<div class=\"img has-hover x md-x lg-x y md-y lg-y\" id=\"image_863921553\">\n\t\t<a class=\"\" href=\"https:\/\/te8qc2.pro\/24z7\" >\t\t\t\t\t\t<div class=\"img-inner dark\" >\n\t\t\t<img loading=\"lazy\" decoding=\"async\" width=\"400\" height=\"188\" src=\"https:\/\/jun88aa1.org\/wp-content\/uploads\/2025\/03\/dang-nhap.webp\" class=\"attachment-original size-original\" alt=\"\u0110\u0103ng nh\u1eadp t\u1ea3i app\" srcset=\"https:\/\/jun88aa1.org\/wp-content\/uploads\/2025\/03\/dang-nhap.webp 400w, https:\/\/jun88aa1.org\/wp-content\/uploads\/2025\/03\/dang-nhap-300x141.webp 300w\" sizes=\"auto, (max-width: 400px) 100vw, 400px\" \/>\t\t\t\t\t\t\n\t\t\t\t\t<\/div>\n\t\t\t\t\t\t<\/a>\t\t\n<style>\n#image_863921553 {\n  width: 100%;\n}\n<\/style>\n\t<\/div>\n\t\n\t\t<\/div>\n\t\t\t\t\t<\/div>\n\n\t\n\n\t<div id=\"col-698068002\" class=\"col medium-4 small-12 large-4\"  >\n\t\t\t\t<div class=\"col-inner\"  >\n\t\t\t\n\t\t\t\n\t<div class=\"img has-hover x md-x lg-x y md-y lg-y\" id=\"image_609831987\">\n\t\t<a class=\"\" href=\"https:\/\/te8qc2.pro\/24z7\" >\t\t\t\t\t\t<div class=\"img-inner dark\" >\n\t\t\t<img loading=\"lazy\" decoding=\"async\" width=\"400\" height=\"188\" src=\"https:\/\/jun88aa1.org\/wp-content\/uploads\/2025\/03\/khuyen-mai.webp\" class=\"attachment-original size-original\" alt=\"Khuy\u1ebfn m\u00e3i th\u00e0nh vi\u00ean\" srcset=\"https:\/\/jun88aa1.org\/wp-content\/uploads\/2025\/03\/khuyen-mai.webp 400w, https:\/\/jun88aa1.org\/wp-content\/uploads\/2025\/03\/khuyen-mai-300x141.webp 300w\" sizes=\"auto, (max-width: 400px) 100vw, 400px\" \/>\t\t\t\t\t\t\n\t\t\t\t\t<\/div>\n\t\t\t\t\t\t<\/a>\t\t\n<style>\n#image_609831987 {\n  width: 100%;\n}\n<\/style>\n\t<\/div>\n\t\n\t\t<\/div>\n\t\t\t\t\t<\/div>\n\n\t\n<\/div>\n\t<div id=\"gap-1680233111\" class=\"gap-element clearfix\" style=\"display:block; height:auto;\">\n\t\t\n<style>\n#gap-1680233111 {\n  padding-top: 16px;\n}\n<\/style>\n\t<\/div>\n\t\n\t<div id=\"gap-1211652374\" class=\"gap-element clearfix\" style=\"display:block; height:auto;\">\n\t\t\n<style>\n#gap-1211652374 {\n  padding-top: 15px;\n}\n<\/style>\n\t<\/div>\n\t\n<p><em><strong>Disclaimer (Tuy\u00ean b\u1ed1 mi\u1ec5n tr\u1eeb):<\/strong><\/em> Jun88aa1.org \u0111\u01b0\u1ee3c x\u00e2y d\u1ef1ng v\u1edbi m\u1ee5c \u0111\u00edch t\u1ed5ng h\u1ee3p v\u00e0 chia s\u1ebb th\u00f4ng tin mang t\u00ednh tham kh\u1ea3o, ch\u1ec9 d\u00e0nh cho ng\u01b0\u1eddi t\u1eeb \u0111\u1ee7 18 tu\u1ed5i tr\u1edf l\u00ean v\u00e0 kh\u00f4ng c\u01b0 tr\u00fa t\u1ea1i l\u00e3nh th\u1ed5 Vi\u1ec7t Nam. Jun88aa1 app kh\u00f4ng t\u1ed5 ch\u1ee9c, kh\u00f4ng k\u00eau g\u1ecdi hay khuy\u1ebfn kh\u00edch b\u1ea5t k\u1ef3 h\u00ecnh th\u1ee9c c\u00e1 c\u01b0\u1ee3c n\u00e0o, v\u00ec v\u1eady m\u1ecdi r\u1ee7i ro ho\u1eb7c thi\u1ec7t h\u1ea1i ph\u00e1t sinh khi ng\u01b0\u1eddi d\u00f9ng truy c\u1eadp c\u00e1c n\u1ec1n t\u1ea3ng c\u00e1 c\u01b0\u1ee3c b\u00ean th\u1ee9 ba \u0111\u1ec1u n\u1eb1m ngo\u00e0i tr\u00e1ch nhi\u1ec7m c\u1ee7a trang.<\/p>\n<p>h2 class=&#8221;tieu-de uppercase&#8221;&gt;<span style=\"color: #3366ff;\"><strong>FAQ &#8211; Tr\u1ea3 l\u1eddi nh\u1eefng th\u1eafc m\u1eafc khi ch\u01a1i JUN88<\/strong><\/span><\/p>\n<div class=\"accordion\"><\/div>\n\t<div id=\"accordion-2729856499\" class=\"accordion-item\">\n\t\t<a id=\"accordion-2729856499-label\" class=\"accordion-title plain\" href=\"#accordion-item-truy-c\u1eadp-jun88-aa1.com-tr\u00ean-trang-ch\u00ednh-th\u1ee9c-n\u00e0o?\" aria-expanded=\"false\" aria-controls=\"accordion-2729856499-content\" >\n\t\t\t<button class=\"toggle\" aria-label=\"Chuy\u1ec3n \u0111\u1ed5i\"><i class=\"icon-angle-down\"><\/i><\/button>\n\t\t\t<span>Truy c\u1eadp Jun88 aa1.com tr\u00ean trang ch\u00ednh th\u1ee9c n\u00e0o?<\/span>\n\t\t<\/a>\n\t\t<div id=\"accordion-2729856499-content\" class=\"accordion-inner\" aria-labelledby=\"accordion-2729856499-label\" >\n\t\t\t\n<p><span style=\"color: #3366ff;\">5 trang truy c\u1eadp ch\u00ednh th\u1ee9c:<\/span><\/p>\n<ul>\n<li><span style=\"color: #3366ff;\">Jun88aa1.com<\/span><\/li>\n<li><span style=\"color: #3366ff;\">Jun88aa 1.casino<\/span><\/li>\n<li><span style=\"color: #3366ff;\">Jun88a a1.game<\/span><\/li>\n<li><span style=\"color: #3366ff;\">Jun88 aa1.app<\/span><\/li>\n<li><span style=\"color: #3366ff;\">Jun88aa1 . bet<\/span><\/li>\n<\/ul>\n<p>#trangchujun88 #dangnhapjun88 #dangkyjun88 #taiappjun88 #appjun88 #jun88bet #jun88casino<\/p>\n<p>#trangchujun88aa1 #dangnhapjun88aa1 #dangkyjun88aa1 #taiappjun88aa1 #appjun88aa1 #jun88aa1bet #jun88aa1casino<\/p>\n\t\t<\/div>\n\t<\/div>\n\t\n\t<div id=\"accordion-2407392903\" class=\"accordion-item\">\n\t\t<a id=\"accordion-2407392903-label\" class=\"accordion-title plain\" href=\"#accordion-item-n\u1ea1p-ti\u1ec1n-t\u1ea1i-jun88aa1.bet-b\u1eb1ng-c\u00e1ch-n\u00e0o?\" aria-expanded=\"false\" aria-controls=\"accordion-2407392903-content\" >\n\t\t\t<button class=\"toggle\" aria-label=\"Chuy\u1ec3n \u0111\u1ed5i\"><i class=\"icon-angle-down\"><\/i><\/button>\n\t\t\t<span>N\u1ea1p ti\u1ec1n t\u1ea1i Jun88aa1.bet b\u1eb1ng c\u00e1ch n\u00e0o?<\/span>\n\t\t<\/a>\n\t\t<div id=\"accordion-2407392903-content\" class=\"accordion-inner\" aria-labelledby=\"accordion-2407392903-label\" >\n\t\t\t\n<p><span style=\"color: #3366ff;\">Truy c\u1eadp trang ch\u1ee7 ch\u00ednh th\u1ee9c Jun88 aa1.com li\u00ean k\u1ebft t\u00e0i kho\u1ea3n ng\u00e2n h\u00e0ng v\u00e0 t\u1ea1o m\u00e3 b\u1ea3o m\u1eadt giao d\u1ecbch. Nh\u1ea5p v\u00e0o m\u1ee5c N\u1ea1p ti\u1ec1n ch\u1ecdn h\u00ecnh th\u1ee9c chuy\u1ec3n ti\u1ec1n ( QR code, banking s\u1ed1 t\u00e0i kho\u1ea3n&#8230;) nh\u1eadp s\u1ed1 ti\u1ec1n ki\u1ec3m tra l\u1ea1i k\u1ef9 th\u00f4ng tin x\u00e1c nh\u1eadn l\u00e0 n\u1ea1p \u0111\u01b0\u1ee3c ti\u1ec1n.<\/span><\/p>\n\t\t<\/div>\n\t<\/div>\n\t\n\t<div id=\"accordion-3948845713\" class=\"accordion-item\">\n\t\t<a id=\"accordion-3948845713-label\" class=\"accordion-title plain\" href=\"#accordion-item-t\u1ea3i-app-jun88-aa1.app-c\u00f3-kh\u00f3-kh\u00f4ng?\" aria-expanded=\"false\" aria-controls=\"accordion-3948845713-content\" >\n\t\t\t<button class=\"toggle\" aria-label=\"Chuy\u1ec3n \u0111\u1ed5i\"><i class=\"icon-angle-down\"><\/i><\/button>\n\t\t\t<span>T\u1ea3i App Jun88 aa1.app c\u00f3 kh\u00f3 kh\u00f4ng?<\/span>\n\t\t<\/a>\n\t\t<div id=\"accordion-3948845713-content\" class=\"accordion-inner\" aria-labelledby=\"accordion-3948845713-label\" >\n\t\t\t\n<p><span style=\"color: #3366ff;\">C\u00e1ch th\u1ee9c t\u1ea3i \u1ee9ng d\u1ee5ng Jun88aa1 v\u00f4 c\u00f9ng \u0111\u01a1n gi\u1ea3n nh\u01b0 sau:<\/span><\/p>\n<ul>\n<li>Ng\u01b0\u1eddi ch\u01a1i truy c\u1eadp trang ch\u1ee7 ch\u1ecdn T\u1ea3i App<\/li>\n<li>Ch\u1ecdn h\u1ec7 \u0111i\u1ec1u h\u00e0nh ph\u00f9 h\u1ee3p v\u1edbi thi\u1ebft b\u1ecb \u0111ang d\u00f9ng<\/li>\n<li>T\u1ea3i v\u1ec1 theo h\u01b0\u1edbng d\u1eabn tr\u00ean thi\u1ebft b\u1ecb \u0111\u1ec3 ho\u00e0n th\u00e0nh<\/li>\n<\/ul>\n\t\t<\/div>\n\t<\/div>\n\t\n\t<div id=\"accordion-4095774244\" class=\"accordion-item\">\n\t\t<a id=\"accordion-4095774244-label\" class=\"accordion-title plain\" href=\"#accordion-item-tham-gia-ch\u01a1i-jun88-\u00e21.casino-c\u00f3-an-to\u00e0n-kh\u00f4ng?\" aria-expanded=\"false\" aria-controls=\"accordion-4095774244-content\" >\n\t\t\t<button class=\"toggle\" aria-label=\"Chuy\u1ec3n \u0111\u1ed5i\"><i class=\"icon-angle-down\"><\/i><\/button>\n\t\t\t<span>Tham gia ch\u01a1i Jun88 \u00e21.casino c\u00f3 an to\u00e0n kh\u00f4ng?<\/span>\n\t\t<\/a>\n\t\t<div id=\"accordion-4095774244-content\" class=\"accordion-inner\" aria-labelledby=\"accordion-4095774244-label\" >\n\t\t\t\n<p><span style=\"color: #3366ff;\">Ng\u01b0\u1eddi ch\u01a1i ho\u00e0n to\u00e0n an t\u00e2m khi ch\u01a1i tr\u00ean Jun88aa1 game trang s\u1eed d\u1ee5ng c\u00f4ng ngh\u1ec7 m\u00e3 h\u00f3a SSL-128bit b\u1ea3o v\u1ec7 th\u00f4ng tin t\u00e0i kho\u1ea3n, giao d\u1ecbch c\u1ee7a ng\u01b0\u1eddi ch\u01a1i tuy\u1ec7t \u0111\u1ed1i kh\u00f4ng \u0111\u1ec3 b\u1ecb hack b\u1edfi b\u00ean Th\u1ee9 3.<\/span><\/p>\n\t\t<\/div>\n\t<\/div>\n\t\n<p>&nbsp;<\/p>\n","protected":false},"excerpt":{"rendered":"<p>TRANG CH\u1ee6 \u0110\u0102NG NH\u1eacP NH\u00c0 C\u00c1I JUN88 Link trang t\u1ed5ng v\u00e0o Jun88aa1 ch\u00ednh th\u1ee9c c\u1eadp nh\u1eadt ng\u00e0y h\u00f4m nay m\u1edbi nh\u1ea5t: Disclaimer (Tuy\u00ean b\u1ed1 mi\u1ec5n tr\u1eeb): Jun88aa1.org \u0111\u01b0\u1ee3c x\u00e2y d\u1ef1ng v\u1edbi m\u1ee5c \u0111\u00edch t\u1ed5ng h\u1ee3p v\u00e0 chia s\u1ebb th\u00f4ng tin mang t\u00ednh tham kh\u1ea3o, ch\u1ec9 d\u00e0nh cho ng\u01b0\u1eddi t\u1eeb \u0111\u1ee7 18 tu\u1ed5i tr\u1edf l\u00ean v\u00e0&#8230;<\/p>\n","protected":false},"author":1,"featured_media":0,"parent":0,"menu_order":0,"comment_status":"closed","ping_status":"open","template":"page-right-sidebar.php","meta":{"footnotes":""},"class_list":["post-2","page","type-page","status-publish","hentry"],"_links":{"self":[{"href":"https:\/\/jun88aa1.org\/index.php?rest_route=\/wp\/v2\/pages\/2","targetHints":{"allow":["GET"]}}],"collection":[{"href":"https:\/\/jun88aa1.org\/index.php?rest_route=\/wp\/v2\/pages"}],"about":[{"href":"https:\/\/jun88aa1.org\/index.php?rest_route=\/wp\/v2\/types\/page"}],"author":[{"embeddable":true,"href":"https:\/\/jun88aa1.org\/index.php?rest_route=\/wp\/v2\/users\/1"}],"replies":[{"embeddable":true,"href":"https:\/\/jun88aa1.org\/index.php?rest_route=%2Fwp%2Fv2%2Fcomments&post=2"}],"version-history":[{"count":54,"href":"https:\/\/jun88aa1.org\/index.php?rest_route=\/wp\/v2\/pages\/2\/revisions"}],"predecessor-version":[{"id":632,"href":"https:\/\/jun88aa1.org\/index.php?rest_route=\/wp\/v2\/pages\/2\/revisions\/632"}],"wp:attachment":[{"href":"https:\/\/jun88aa1.org\/index.php?rest_route=%2Fwp%2Fv2%2Fmedia&parent=2"}],"curies":[{"name":"wp","href":"https:\/\/api.w.org\/{rel}","templated":true}]}}